
{"id":91,"date":"2017-10-24T22:09:22","date_gmt":"2017-10-24T22:09:22","guid":{"rendered":"http:\/\/127.0.0.1\/wp\/product\/carbon-honeycomb-dress-tie\/"},"modified":"2022-12-10T19:46:16","modified_gmt":"2022-12-10T19:46:16","slug":"carbon-honeycomb-dress-tie","status":"publish","type":"product","link":"https:\/\/goodstore.eu\/en\/shop\/carbon-honeycomb-dress-tie\/","title":{"rendered":"CARBON HONEYCOMB lips"},"content":{"rendered":"<p><\/p>\n<p>\u2022\u00a0See lips sobib enamikele inimestele pikkusega 1,60m &#8211; 1,82m.<\/p>\n<p>\u2022 Lipsu m\u00f5\u00f5t on 0,50 m pikk ja 0,05 m lai k\u00f5ige laiemas kohas.<\/p>\n<p>\u2022 Reguleeritav lipsupael v\u00f5imaldab lipsu seadistada vastavalt sinu kaelale.<\/p>\n<p>\u2022 Tarnitakse elegantses kinkekarbis<\/p>\n<p><\/p>","protected":false},"excerpt":{"rendered":"<p><span id=\"result_box\" lang=\"et\" xml:lang=\"et\">Ole ainulaadne ja julge koos eklektiline pannes kaela\u00a0<\/span>CARBON HONEYCOMB\u00a0lipsu! K\u00e4rjekujuliste elementidega CARBON HONEYCOMB\u00a0lips on valmistatud kergest s\u00fcsinikkiust\u00a0<span lang=\"et\" xml:lang=\"et\">inspireeritud musterpol\u00fcmeeridest ning elegantses disainis mille sarnast teist ei leidu<\/span>. Olles valminud k\u00e4sit\u00f6\u00f6na, kannab iga lips endas\u00a0kordumatust, kuna iga detail on valmistatud eraldi. See\u00a0stiilne ja pilkup\u00fc\u00fcdev lips on kindlasti hea vestluse alustaja. T\u00e4nu reguleeritavale kaelapaelale\u00a0sobib see igale kaelale. <br \/>Sea ennast siis valmis, et olla igast moer\u00f6\u00f6gatusest ees!<\/p>\n","protected":false},"featured_media":86,"comment_status":"open","ping_status":"closed","template":"","meta":{"om_disable_all_campaigns":false,"_monsterinsights_skip_tracking":false,"_monsterinsights_sitenote_active":false,"_monsterinsights_sitenote_note":"","_monsterinsights_sitenote_category":0},"product_cat":[40,34,36],"product_tag":[],"class_list":{"0":"post-91","1":"product","2":"type-product","3":"status-publish","4":"has-post-thumbnail","6":"product_cat-lipsud-lipsukomplektid-ja-erilised-lipsud","7":"product_cat-kingitused-ja-kingiideed","8":"product_cat-stiil-ja-mood","11":"first","12":"instock","13":"sale","14":"taxable","15":"shipping-taxable","16":"purchasable","17":"product-type-simple"},"aioseo_notices":[],"_links":{"self":[{"href":"https:\/\/goodstore.eu\/en\/wp-json\/wp\/v2\/product\/91"}],"collection":[{"href":"https:\/\/goodstore.eu\/en\/wp-json\/wp\/v2\/product"}],"about":[{"href":"https:\/\/goodstore.eu\/en\/wp-json\/wp\/v2\/types\/product"}],"replies":[{"embeddable":true,"href":"https:\/\/goodstore.eu\/en\/wp-json\/wp\/v2\/comments?post=91"}],"wp:featuredmedia":[{"embeddable":true,"href":"https:\/\/goodstore.eu\/en\/wp-json\/wp\/v2\/media\/86"}],"wp:attachment":[{"href":"https:\/\/goodstore.eu\/en\/wp-json\/wp\/v2\/media?parent=91"}],"wp:term":[{"taxonomy":"product_cat","embeddable":true,"href":"https:\/\/goodstore.eu\/en\/wp-json\/wp\/v2\/product_cat?post=91"},{"taxonomy":"product_tag","embeddable":true,"href":"https:\/\/goodstore.eu\/en\/wp-json\/wp\/v2\/product_tag?post=91"}],"curies":[{"name":"wp","href":"https:\/\/api.w.org\/{rel}","templated":true}]}}