
{"id":9156,"date":"2023-06-16T09:58:09","date_gmt":"2023-06-16T09:58:09","guid":{"rendered":"https:\/\/goodstore.eu\/?post_type=product&#038;p=9156"},"modified":"2025-05-28T10:43:11","modified_gmt":"2025-05-28T10:43:11","slug":"kitsas-lips-fuksia-roosa-aimatava-mustriga-metsikult-moodne","status":"publish","type":"product","link":"https:\/\/goodstore.eu\/en\/shop\/kitsas-lips-fuksia-roosa-aimatava-mustriga-metsikult-moodne\/","title":{"rendered":"Skinny Necktie, Gently Shiny Fuchsia, Extraordinarily Stylish!"},"content":{"rendered":"<p><\/p>\n<div>\n<div>Material: Waterproof Polyester and Microfiber<br \/>\nShort specification: High quality and stylish product \u2013 perfect gift! Presentable appearance guaranteed!<\/div>\n<div>The length of the necktie: 145 cm<\/div>\n<div>Maximum width: 6,0 cm<br \/>\nMinimal width: 3,5 cm<br \/>\nWeight: approx. 57-65 grams<br \/>\nColors: Fuchsia<\/div>\n<div>\n<p>The package contain: 1 x Skinny Fuchsia Necktie with Foreboding Pattern<\/p>\n<p><span style=\"color: #0000ff;\">NB! The gift box is not included.<\/span> It can be purchased separately from <a href=\"https:\/\/goodstore.eu\/en\/shop\/tyhi-kinkekarp-lipsu-komplektile-ristkyliku-kujuline\/\"><strong><span style=\"color: #0000ff;\">here<\/span><\/strong><\/a>.<\/p>\n<\/div>\n<\/div>\n<div>\n<p>&nbsp;<\/p>\n<p>&nbsp;<\/p>\n<\/div>\n<p><\/p>","protected":false},"excerpt":{"rendered":"<p><span id=\"result_box\" lang=\"et\" xml:lang=\"et\">Kvaliteetne k\u00e4sitsi tehtud siid, mis tagab elegantse v\u00e4limuse igale endast lugupidavale noormehele.<br \/>\nLips on elastne ja seet\u00f5ttu on seda v\u00e4ga lihtne s\u00f5lmida.<\/span><\/p>\n","protected":false},"featured_media":9158,"comment_status":"open","ping_status":"closed","template":"","meta":{"om_disable_all_campaigns":false,"_monsterinsights_skip_tracking":false,"_monsterinsights_sitenote_active":false,"_monsterinsights_sitenote_note":"","_monsterinsights_sitenote_category":0},"product_cat":[40,34,36,38],"product_tag":[263,262,257,268,258,221,260,259,264,261],"class_list":{"0":"post-9156","1":"product","2":"type-product","3":"status-publish","4":"has-post-thumbnail","6":"product_brand-huishi","7":"product_cat-lipsud-lipsukomplektid-ja-erilised-lipsud","8":"product_cat-kingitused-ja-kingiideed","9":"product_cat-stiil-ja-mood","10":"product_cat-lipsud-komplektid-ja-erilised-lipsud","11":"product_tag-6cm","12":"product_tag-fuchsia","13":"product_tag-fuksia-roosa","14":"product_tag-huishi","15":"product_tag-kitsas-lips","16":"product_tag-seotav-lips","17":"product_tag-skinny-necktie","18":"product_tag-tp45","19":"product_tag-veekindel-poluester-ja-mikrofiiber","20":"product_tag-waterproof-polyester-and-microfiber","21":"pa_domineeriv-varv-fuksia","22":"pa_lipsu-stiil-kitsas","23":"pa_materjal-veekindel","26":"first","27":"instock","28":"taxable","29":"shipping-taxable","30":"purchasable","31":"product-type-simple"},"aioseo_notices":[],"_links":{"self":[{"href":"https:\/\/goodstore.eu\/en\/wp-json\/wp\/v2\/product\/9156"}],"collection":[{"href":"https:\/\/goodstore.eu\/en\/wp-json\/wp\/v2\/product"}],"about":[{"href":"https:\/\/goodstore.eu\/en\/wp-json\/wp\/v2\/types\/product"}],"replies":[{"embeddable":true,"href":"https:\/\/goodstore.eu\/en\/wp-json\/wp\/v2\/comments?post=9156"}],"wp:featuredmedia":[{"embeddable":true,"href":"https:\/\/goodstore.eu\/en\/wp-json\/wp\/v2\/media\/9158"}],"wp:attachment":[{"href":"https:\/\/goodstore.eu\/en\/wp-json\/wp\/v2\/media?parent=9156"}],"wp:term":[{"taxonomy":"product_cat","embeddable":true,"href":"https:\/\/goodstore.eu\/en\/wp-json\/wp\/v2\/product_cat?post=9156"},{"taxonomy":"product_tag","embeddable":true,"href":"https:\/\/goodstore.eu\/en\/wp-json\/wp\/v2\/product_tag?post=9156"}],"curies":[{"name":"wp","href":"https:\/\/api.w.org\/{rel}","templated":true}]}}