
{"id":9166,"date":"2023-06-16T18:23:43","date_gmt":"2023-06-16T18:23:43","guid":{"rendered":"https:\/\/goodstore.eu\/?post_type=product&#038;p=9166"},"modified":"2023-06-16T19:12:51","modified_gmt":"2023-06-16T19:12:51","slug":"pidulikult-elegantne-lipsu-komplekt-rohelise-3d-ruudulise-mustriga","status":"publish","type":"product","link":"https:\/\/goodstore.eu\/en\/shop\/pidulikult-elegantne-lipsu-komplekt-rohelise-3d-ruudulise-mustriga\/","title":{"rendered":"Elegant Tie Set, With a Green 3D Checkered Pattern"},"content":{"rendered":"<p><\/p>\n<div>Material: Hand Made Silk<br \/>\nShort specification: High quality and stylish product \u2013 perfect gift! Presentable appearance guaranteed!<\/div>\n<div>The length of the necktie: 150cm<\/div>\n<div>Maximum width: 8,0cm<br \/>\nMinimal width: 3,5cm<br \/>\nHandkerchief dimensions: 21cm x 21cm<br \/>\nColours: Elegant Green with 3D Checkered Pattern<br \/>\nThe set contain: 1 x Necktie, 1 x Handkerchief, 1 pair of Cufflinks<\/div>\n<div>\n<p><span style=\"color: #0000ff;\">NB! The gift box is not included.<\/span> It can be purchased separately from <a href=\"https:\/\/goodstore.eu\/en\/shop\/tyhi-kinkekarp-lipsu-komplektile-ristkyliku-kujuline\/\"><strong><span style=\"color: #0000ff;\">here<\/span><\/strong><\/a>.<\/p>\n<\/div>\n<p><\/p>","protected":false},"excerpt":{"rendered":"<p><span id=\"result_box\" lang=\"et\" xml:lang=\"et\">Luksuslik ja kvaliteetne\u00a0k\u00e4sitsi valmistatud seotav lips siidkangast, mis tagab elegantse v\u00e4limuse igale stiiliteadlikule ja endast lugupidavale h\u00e4rras- v\u00f5i \u00e4rimehele.<br \/>\nSiin on eriti esinduslik seotav lips \u00fclikonda kandvale mehele.<\/span><\/p>\n<p>Lips on elastne ja seet\u00f5ttu on seda v\u00e4ga lihtne s\u00f5lmida.<\/p>\n","protected":false},"featured_media":9167,"comment_status":"open","ping_status":"closed","template":"","meta":{"om_disable_all_campaigns":false,"_monsterinsights_skip_tracking":false,"_monsterinsights_sitenote_active":false,"_monsterinsights_sitenote_note":"","_monsterinsights_sitenote_category":0},"product_cat":[40,34,36,38],"product_tag":[],"class_list":{"0":"post-9166","1":"product","2":"type-product","3":"status-publish","4":"has-post-thumbnail","6":"product_cat-lipsud-lipsukomplektid-ja-erilised-lipsud","7":"product_cat-kingitused-ja-kingiideed","8":"product_cat-stiil-ja-mood","9":"product_cat-lipsud-komplektid-ja-erilised-lipsud","10":"pa_domineeriv-varv-roheline","11":"pa_lipsu-stiil-normaalne-tavaparane","12":"pa_materjal-siid","15":"first","16":"instock","17":"taxable","18":"shipping-taxable","19":"purchasable","20":"product-type-simple"},"aioseo_notices":[],"_links":{"self":[{"href":"https:\/\/goodstore.eu\/en\/wp-json\/wp\/v2\/product\/9166"}],"collection":[{"href":"https:\/\/goodstore.eu\/en\/wp-json\/wp\/v2\/product"}],"about":[{"href":"https:\/\/goodstore.eu\/en\/wp-json\/wp\/v2\/types\/product"}],"replies":[{"embeddable":true,"href":"https:\/\/goodstore.eu\/en\/wp-json\/wp\/v2\/comments?post=9166"}],"wp:featuredmedia":[{"embeddable":true,"href":"https:\/\/goodstore.eu\/en\/wp-json\/wp\/v2\/media\/9167"}],"wp:attachment":[{"href":"https:\/\/goodstore.eu\/en\/wp-json\/wp\/v2\/media?parent=9166"}],"wp:term":[{"taxonomy":"product_cat","embeddable":true,"href":"https:\/\/goodstore.eu\/en\/wp-json\/wp\/v2\/product_cat?post=9166"},{"taxonomy":"product_tag","embeddable":true,"href":"https:\/\/goodstore.eu\/en\/wp-json\/wp\/v2\/product_tag?post=9166"}],"curies":[{"name":"wp","href":"https:\/\/api.w.org\/{rel}","templated":true}]}}