
{"id":9202,"date":"2023-06-29T08:43:08","date_gmt":"2023-06-29T08:43:08","guid":{"rendered":"https:\/\/goodstore.eu\/?post_type=product&#038;p=9202"},"modified":"2026-03-12T14:24:19","modified_gmt":"2026-03-12T14:24:19","slug":"kitsas-siidilips-lillat-varvi-aimatava-mustriga-super-moodne","status":"publish","type":"product","link":"https:\/\/goodstore.eu\/en\/shop\/kitsas-siidilips-lillat-varvi-aimatava-mustriga-super-moodne\/","title":{"rendered":"Narrow Necktie, Gently Shiny Purple with a Foreboding Pattern, Unprecedentedly Top Fashion!"},"content":{"rendered":"<p><\/p>\n<div>\n<div>Material: Hand Made Silk<br \/>\nShort specification: High quality and stylish product \u2013 perfect gift! Presentable appearance guaranteed!<\/div>\n<div>The length of the necktie: 150 cm<\/div>\n<div>Maximum width: 6,0 cm<br \/>\nMinimal width: 3,5 cm<br \/>\nWeight: approx. 57-65 grams<br \/>\nColors: Gently Shiny Violet<\/div>\n<div>\n<p>The package contain: 1 x Skinny Gently Shiny Purple Necktie with Foreboding Pattern<\/p>\n<p><span style=\"color: #0000ff;\">NB! The gift box is not included.<\/span> It can be purchased separately from <a href=\"https:\/\/goodstore.eu\/en\/shop\/tyhi-kinkekarp-lipsu-komplektile-ristkyliku-kujuline\/\"><strong><span style=\"color: #0000ff;\">here<\/span><\/strong><\/a>.<\/p>\n<\/div>\n<\/div>\n<div>\n<p>&nbsp;<\/p>\n<p>&nbsp;<\/p>\n<\/div>\n<p><\/p>","protected":false},"excerpt":{"rendered":"<p><span id=\"result_box\" lang=\"et\" xml:lang=\"et\">Kvaliteetne k\u00e4sitsi tehtud siid, mis tagab elegantse v\u00e4limuse igale endast lugupidavale noormehele.<br \/>\nLips on elastne ja seet\u00f5ttu on seda v\u00e4ga lihtne s\u00f5lmida.<\/span><\/p>\n","protected":false},"featured_media":9203,"comment_status":"open","ping_status":"closed","template":"","meta":{"om_disable_all_campaigns":false,"_monsterinsights_skip_tracking":false,"_monsterinsights_sitenote_active":false,"_monsterinsights_sitenote_note":"","_monsterinsights_sitenote_category":0},"product_cat":[40,34,36,38],"product_tag":[276,277,273,270,269,271,272,238,260,274,275],"class_list":{"0":"post-9202","1":"product","2":"type-product","3":"status-publish","4":"has-post-thumbnail","6":"product_cat-lipsud-lipsukomplektid-ja-erilised-lipsud","7":"product_cat-kingitused-ja-kingiideed","8":"product_cat-stiil-ja-mood","9":"product_cat-lipsud-komplektid-ja-erilised-lipsud","10":"product_tag-6cm-necktie","11":"product_tag-6cm-seotav-lips","12":"product_tag-gently-shiny-purple","13":"product_tag-hh-002","14":"product_tag-kitsas-siidilips","15":"product_tag-lilla-kitsas-lips","16":"product_tag-narrow-necktie","17":"product_tag-siidlips","18":"product_tag-skinny-necktie","19":"product_tag-skinny-shiny-purple-necktie","20":"product_tag-super-moodne","21":"pa_domineeriv-varv-lilla","22":"pa_domineeriv-varv-violetne","23":"pa_lipsu-stiil-kitsas","24":"pa_materjal-siid","27":"first","28":"outofstock","29":"taxable","30":"shipping-taxable","31":"purchasable","32":"product-type-simple"},"aioseo_notices":[],"_links":{"self":[{"href":"https:\/\/goodstore.eu\/en\/wp-json\/wp\/v2\/product\/9202"}],"collection":[{"href":"https:\/\/goodstore.eu\/en\/wp-json\/wp\/v2\/product"}],"about":[{"href":"https:\/\/goodstore.eu\/en\/wp-json\/wp\/v2\/types\/product"}],"replies":[{"embeddable":true,"href":"https:\/\/goodstore.eu\/en\/wp-json\/wp\/v2\/comments?post=9202"}],"wp:featuredmedia":[{"embeddable":true,"href":"https:\/\/goodstore.eu\/en\/wp-json\/wp\/v2\/media\/9203"}],"wp:attachment":[{"href":"https:\/\/goodstore.eu\/en\/wp-json\/wp\/v2\/media?parent=9202"}],"wp:term":[{"taxonomy":"product_cat","embeddable":true,"href":"https:\/\/goodstore.eu\/en\/wp-json\/wp\/v2\/product_cat?post=9202"},{"taxonomy":"product_tag","embeddable":true,"href":"https:\/\/goodstore.eu\/en\/wp-json\/wp\/v2\/product_tag?post=9202"}],"curies":[{"name":"wp","href":"https:\/\/api.w.org\/{rel}","templated":true}]}}