
{"id":983,"date":"2019-01-08T16:40:24","date_gmt":"2019-01-08T16:40:24","guid":{"rendered":"http:\/\/127.0.0.1\/wp\/product\/lipsu-kinkekarp-rinnataskuratikuga-sinine-kuldsega\/"},"modified":"2025-06-07T13:04:23","modified_gmt":"2025-06-07T13:04:23","slug":"lipsu-kinkekarp-rinnataskuratikuga-sinine-kuldsega","status":"publish","type":"product","link":"https:\/\/goodstore.eu\/en\/shop\/lipsu-kinkekarp-rinnataskuratikuga-sinine-kuldsega\/","title":{"rendered":"Lipsu kinkekarp mansetin\u00f6\u00f6pide ja rinnataskur\u00e4tikuga, sinine kuldsega"},"content":{"rendered":"<div><span style=\"font-size: 16px;\">Materjal:\u00a0K\u00e4sitsi tehtud siid<br \/>\nL\u00fchikirjeldus: K\u00f5rgekvaliteediga ja stiilne toode &#8211; ideaalne kink!<\/span><\/div>\n<div><span style=\"font-size: 16px;\">Lipsu pikkus: 150cm<\/span><\/div>\n<div><span style=\"font-size: 16px;\">Maksimaalne laius: 8,5cm<br \/>\nMinimaalne laius: 3,5cm<br \/>\nRinnataskur\u00e4tiku m\u00f5\u00f5dud: 21cm x 21cm<\/span><\/div>\n<div>\n<p><span style=\"font-size: 16px;\">Kinkekarbi komplekti kuulub: 1 X lips, 1 X taskur\u00e4tik, 1\u00a0paar man\u017eetin\u00f6\u00f6pe<\/span><\/p>\n<p><strong>Toode on pakendatud musta kinkekarpi!<\/strong><\/p>\n<\/div>\n","protected":false},"excerpt":{"rendered":"<p><span id=\"result_box\" lang=\"et\" xml:lang=\"et\">Kvaliteetne k\u00e4sitsi tehtud siid, mis tagab elegantse v\u00e4limuse igale endast lugupidavale h\u00e4rras- v\u00f5i \u00e4rimehele.<br \/>\nLips on elastne ja seet\u00f5ttu on seda v\u00e4ga lihtne s\u00f5lmida.<\/span><\/p>\n","protected":false},"featured_media":976,"comment_status":"open","ping_status":"closed","template":"","meta":{"om_disable_all_campaigns":false,"_monsterinsights_skip_tracking":false,"_monsterinsights_sitenote_active":false,"_monsterinsights_sitenote_note":"","_monsterinsights_sitenote_category":0},"product_cat":[40,34,36,38],"product_tag":[],"class_list":{"0":"post-983","1":"product","2":"type-product","3":"status-publish","4":"has-post-thumbnail","6":"product_cat-lipsud-lipsukomplektid-ja-erilised-lipsud","7":"product_cat-kingitused-ja-kingiideed","8":"product_cat-stiil-ja-mood","9":"product_cat-lipsud-komplektid-ja-erilised-lipsud","12":"first","13":"outofstock","14":"taxable","15":"shipping-taxable","16":"purchasable","17":"product-type-simple"},"aioseo_notices":[],"_links":{"self":[{"href":"https:\/\/goodstore.eu\/en\/wp-json\/wp\/v2\/product\/983"}],"collection":[{"href":"https:\/\/goodstore.eu\/en\/wp-json\/wp\/v2\/product"}],"about":[{"href":"https:\/\/goodstore.eu\/en\/wp-json\/wp\/v2\/types\/product"}],"replies":[{"embeddable":true,"href":"https:\/\/goodstore.eu\/en\/wp-json\/wp\/v2\/comments?post=983"}],"wp:featuredmedia":[{"embeddable":true,"href":"https:\/\/goodstore.eu\/en\/wp-json\/wp\/v2\/media\/976"}],"wp:attachment":[{"href":"https:\/\/goodstore.eu\/en\/wp-json\/wp\/v2\/media?parent=983"}],"wp:term":[{"taxonomy":"product_cat","embeddable":true,"href":"https:\/\/goodstore.eu\/en\/wp-json\/wp\/v2\/product_cat?post=983"},{"taxonomy":"product_tag","embeddable":true,"href":"https:\/\/goodstore.eu\/en\/wp-json\/wp\/v2\/product_tag?post=983"}],"curies":[{"name":"wp","href":"https:\/\/api.w.org\/{rel}","templated":true}]}}