
{"id":99,"date":"2017-10-25T00:22:31","date_gmt":"2017-10-25T00:22:31","guid":{"rendered":"http:\/\/127.0.0.1\/wp\/product\/emperador-sol-kuldne-lips\/"},"modified":"2022-12-10T19:48:36","modified_gmt":"2022-12-10T19:48:36","slug":"emperador-sol-kuldne-lips","status":"publish","type":"product","link":"https:\/\/goodstore.eu\/en\/shop\/emperador-sol-kuldne-lips\/","title":{"rendered":"EMPERADOR SOL luksuslik kuldne lips"},"content":{"rendered":"<p><\/p>\n<p>\u2022\u00a0See lips sobib enamikele inimestele pikkusega 1,60m &#8211; 1,82m.<\/p>\n<p>\u2022 Lipsu m\u00f5\u00f5t on 0,50 m pikk ja 0,05 m lai k\u00f5ige laiemas kohas.<\/p>\n<p>\u2022 Reguleeritav lipsupael v\u00f5imaldab lipsu seadistada vastavalt sinu kaelale.<\/p>\n<p>\u2022 Tarnitakse elegantses kinkekarbis<\/p>\n<p><\/p>","protected":false},"excerpt":{"rendered":"<p><span id=\"result_box\" lang=\"et\" xml:lang=\"et\">EMPERADOR lips on valmistatud kergest\u00a0l\u00e4ikiv kuldsest pol\u00fcmeerist, mille iga detail k\u00e4tkeb endas\u00a0luksust ja stiili. Olles valminud k\u00e4sit\u00f6\u00f6na, kannab iga lips endas\u00a0kordumatust, kuna iga detail on valmistatud eraldi. See\u00a0stiilne ja pilkup\u00fc\u00fcdev lips on kindlasti hea vestluse alustaja.\u00a0Sea ennast siis valmis, et olla mistahes moer\u00f6\u00f6gatustest ees!<\/span><\/p>\n","protected":false},"featured_media":96,"comment_status":"open","ping_status":"closed","template":"","meta":{"om_disable_all_campaigns":false,"_monsterinsights_skip_tracking":false,"_monsterinsights_sitenote_active":false,"_monsterinsights_sitenote_note":"","_monsterinsights_sitenote_category":0},"product_cat":[40,34,36],"product_tag":[],"class_list":{"0":"post-99","1":"product","2":"type-product","3":"status-publish","4":"has-post-thumbnail","6":"product_cat-lipsud-lipsukomplektid-ja-erilised-lipsud","7":"product_cat-kingitused-ja-kingiideed","8":"product_cat-stiil-ja-mood","11":"first","12":"instock","13":"sale","14":"taxable","15":"shipping-taxable","16":"purchasable","17":"product-type-simple"},"aioseo_notices":[],"_links":{"self":[{"href":"https:\/\/goodstore.eu\/en\/wp-json\/wp\/v2\/product\/99"}],"collection":[{"href":"https:\/\/goodstore.eu\/en\/wp-json\/wp\/v2\/product"}],"about":[{"href":"https:\/\/goodstore.eu\/en\/wp-json\/wp\/v2\/types\/product"}],"replies":[{"embeddable":true,"href":"https:\/\/goodstore.eu\/en\/wp-json\/wp\/v2\/comments?post=99"}],"wp:featuredmedia":[{"embeddable":true,"href":"https:\/\/goodstore.eu\/en\/wp-json\/wp\/v2\/media\/96"}],"wp:attachment":[{"href":"https:\/\/goodstore.eu\/en\/wp-json\/wp\/v2\/media?parent=99"}],"wp:term":[{"taxonomy":"product_cat","embeddable":true,"href":"https:\/\/goodstore.eu\/en\/wp-json\/wp\/v2\/product_cat?post=99"},{"taxonomy":"product_tag","embeddable":true,"href":"https:\/\/goodstore.eu\/en\/wp-json\/wp\/v2\/product_tag?post=99"}],"curies":[{"name":"wp","href":"https:\/\/api.w.org\/{rel}","templated":true}]}}